{"id":89,"date":"2021-08-14T19:34:57","date_gmt":"2021-08-14T19:34:57","guid":{"rendered":"http:\/\/produccionesnubedeoort.es\/?page_id=89"},"modified":"2026-02-28T12:14:55","modified_gmt":"2026-02-28T12:14:55","slug":"grabaciones","status":"publish","type":"page","link":"https:\/\/produccionesnubedeoort.es\/index.php\/grabaciones\/","title":{"rendered":"Nuestros programas"},"content":{"rendered":"\n<div style=\"height:100px\" aria-hidden=\"true\" class=\"wp-block-spacer\"><\/div>\n\n\n\n<div class=\"wp-block-columns alignfull is-layout-flex wp-container-core-columns-is-layout-28f84493 wp-block-columns-is-layout-flex\">\n<div class=\"wp-block-column is-layout-flow wp-block-column-is-layout-flow\" style=\"flex-basis:66.66%\">\n<figure class=\"wp-block-image size-large\"><img loading=\"lazy\" decoding=\"async\" width=\"1024\" height=\"724\" src=\"https:\/\/produccionesnubedeoort.es\/wp-content\/uploads\/2022\/10\/Programas-3-1-1024x724.png\" alt=\"\" class=\"wp-image-418\" srcset=\"https:\/\/produccionesnubedeoort.es\/wp-content\/uploads\/2022\/10\/Programas-3-1-1024x724.png 1024w, https:\/\/produccionesnubedeoort.es\/wp-content\/uploads\/2022\/10\/Programas-3-1-600x424.png 600w, https:\/\/produccionesnubedeoort.es\/wp-content\/uploads\/2022\/10\/Programas-3-1-300x212.png 300w, https:\/\/produccionesnubedeoort.es\/wp-content\/uploads\/2022\/10\/Programas-3-1-768x543.png 768w, https:\/\/produccionesnubedeoort.es\/wp-content\/uploads\/2022\/10\/Programas-3-1-1536x1086.png 1536w, https:\/\/produccionesnubedeoort.es\/wp-content\/uploads\/2022\/10\/Programas-3-1-2048x1448.png 2048w\" sizes=\"auto, (max-width: 1024px) 100vw, 1024px\" \/><\/figure>\n<\/div>\n\n\n\n<div class=\"wp-block-column is-layout-flow wp-block-column-is-layout-flow\" style=\"flex-basis:33.33%\">\n<h2 class=\"wp-block-heading has-text-align-center has-large-font-size\" style=\"font-style:normal;font-weight:900\"><em>NOCHES FOLCL\u00d3RICAS<\/em><\/h2>\n\n\n\n<p class=\"has-text-align-center\"><em>Las Palmas de Gran Canaria<\/em><\/p>\n\n\n\n<p>Noches folcl\u00f3ricas naci\u00f3 en la Orden del Cachorro Canario donde cada viernes ofrece un espect\u00e1culo musical de nuestras parrandas y grupos folkl\u00f3ricos.<\/p>\n\n\n\n<p>En nuestras noches han pasado innumerables grupos y artistas que has amenizado las noches en la Plaza de Santo Domingo. <\/p>\n\n\n\n<p><strong>YOUTUBE<\/strong><\/p>\n\n\n\n<p>Comienzo en 2021<\/p>\n\n\n\n<p><strong>3\u00aa Edici\u00f3n <\/strong><\/p>\n\n\n\n<p><\/p>\n<\/div>\n<\/div>\n\n\n\n<div style=\"height:100px\" aria-hidden=\"true\" class=\"wp-block-spacer\"><\/div>\n\n\n\n<div class=\"wp-block-columns alignfull is-layout-flex wp-container-core-columns-is-layout-28f84493 wp-block-columns-is-layout-flex\">\n<div class=\"wp-block-column is-layout-flow wp-block-column-is-layout-flow\" style=\"flex-basis:10px\"><\/div>\n\n\n\n<div class=\"wp-block-column is-layout-flow wp-block-column-is-layout-flow\" style=\"flex-basis:33.33%\">\n<h2 class=\"wp-block-heading has-large-font-size\" style=\"font-style:normal;font-weight:900\">HABLANDO DE BOTES<\/h2>\n\n\n\n<p><em>Las Palmas de Gran Canaria<\/em><\/p>\n\n\n\n<p>Un programa dedicado a la Vela Latina Canaria Creado por el Bote Roque Nublo de la mano de su presidente Marcos Cabrera, con invitados especiales en cada programa para tratar el d\u00eda a d\u00eda del deporte canario.<\/p>\n\n\n\n<p><strong>YOUTUBE, IVOOX, TWITCH<\/strong><\/p>\n\n\n\n<p>Comienzo 2023<\/p>\n\n\n\n<p><strong>2\u00aa Edici\u00f3n<\/strong><\/p>\n<\/div>\n\n\n\n<div class=\"wp-block-column is-layout-flow wp-block-column-is-layout-flow\" style=\"flex-basis:66.66%\">\n<figure class=\"wp-block-image size-large\"><img loading=\"lazy\" decoding=\"async\" width=\"1024\" height=\"724\" src=\"https:\/\/produccionesnubedeoort.es\/wp-content\/uploads\/2022\/10\/Programas-1024x724.png\" alt=\"\" class=\"wp-image-416\" srcset=\"https:\/\/produccionesnubedeoort.es\/wp-content\/uploads\/2022\/10\/Programas-1024x724.png 1024w, https:\/\/produccionesnubedeoort.es\/wp-content\/uploads\/2022\/10\/Programas-600x424.png 600w, https:\/\/produccionesnubedeoort.es\/wp-content\/uploads\/2022\/10\/Programas-300x212.png 300w, https:\/\/produccionesnubedeoort.es\/wp-content\/uploads\/2022\/10\/Programas-768x543.png 768w, https:\/\/produccionesnubedeoort.es\/wp-content\/uploads\/2022\/10\/Programas-1536x1086.png 1536w, https:\/\/produccionesnubedeoort.es\/wp-content\/uploads\/2022\/10\/Programas-2048x1448.png 2048w\" sizes=\"auto, (max-width: 1024px) 100vw, 1024px\" \/><\/figure>\n<\/div>\n<\/div>\n\n\n\n<div class=\"wp-block-columns alignfull is-layout-flex wp-container-core-columns-is-layout-28f84493 wp-block-columns-is-layout-flex\">\n<div class=\"wp-block-column is-layout-flow wp-block-column-is-layout-flow\" style=\"flex-basis:66.66%\">\n<figure class=\"wp-block-image size-large\"><img loading=\"lazy\" decoding=\"async\" width=\"1024\" height=\"724\" src=\"https:\/\/produccionesnubedeoort.es\/wp-content\/uploads\/2024\/01\/Programas-1-1024x724.png\" alt=\"\" class=\"wp-image-518\" srcset=\"https:\/\/produccionesnubedeoort.es\/wp-content\/uploads\/2024\/01\/Programas-1-1024x724.png 1024w, https:\/\/produccionesnubedeoort.es\/wp-content\/uploads\/2024\/01\/Programas-1-600x424.png 600w, https:\/\/produccionesnubedeoort.es\/wp-content\/uploads\/2024\/01\/Programas-1-300x212.png 300w, https:\/\/produccionesnubedeoort.es\/wp-content\/uploads\/2024\/01\/Programas-1-768x543.png 768w, https:\/\/produccionesnubedeoort.es\/wp-content\/uploads\/2024\/01\/Programas-1-1536x1086.png 1536w, https:\/\/produccionesnubedeoort.es\/wp-content\/uploads\/2024\/01\/Programas-1-2048x1448.png 2048w\" sizes=\"auto, (max-width: 1024px) 100vw, 1024px\" \/><\/figure>\n<\/div>\n\n\n\n<div class=\"wp-block-column is-layout-flow wp-block-column-is-layout-flow\" style=\"flex-basis:33.33%\">\n<h2 class=\"wp-block-heading has-text-align-center has-large-font-size\" style=\"font-style:normal;font-weight:900\"><em>EL LIBRO DE TU VIDA<\/em><\/h2>\n\n\n\n<p class=\"has-text-align-center\"><em>Las Palmas de Gran Canaria<\/em><\/p>\n\n\n\n<p>El libro de tu vida es un programa sobre las presentaciones de libros en Las Palmas de Gran Canaria donde diferentes escritores de la cultura canaria.<\/p>\n\n\n\n<p><strong>YOUTUBE<\/strong><\/p>\n\n\n\n<p>Comienzo en 2023<\/p>\n\n\n\n<p><strong>1\u00aa Edici\u00f3n <\/strong><\/p>\n\n\n\n<p><\/p>\n<\/div>\n<\/div>\n\n\n\n<div style=\"height:100px\" aria-hidden=\"true\" class=\"wp-block-spacer\"><\/div>\n\n\n\n<div style=\"height:100px\" aria-hidden=\"true\" class=\"wp-block-spacer\"><\/div>\n\n\n\n<p><\/p>\n\n\n\n<div style=\"height:100px\" aria-hidden=\"true\" class=\"wp-block-spacer\"><\/div>\n","protected":false},"excerpt":{"rendered":"<p>NOCHES FOLCL\u00d3RICAS Las Palmas de Gran Canaria Noches folcl\u00f3ricas naci\u00f3 en la Orden del Cachorro Canario donde cada viernes ofrece [&hellip;]<\/p>\n","protected":false},"author":1,"featured_media":0,"parent":0,"menu_order":0,"comment_status":"closed","ping_status":"closed","template":"","meta":{"site-sidebar-layout":"default","site-content-layout":"","ast-site-content-layout":"","site-content-style":"default","site-sidebar-style":"default","ast-global-header-display":"","ast-banner-title-visibility":"","ast-main-header-display":"","ast-hfb-above-header-display":"","ast-hfb-below-header-display":"","ast-hfb-mobile-header-display":"","site-post-title":"","ast-breadcrumbs-content":"","ast-featured-img":"","footer-sml-layout":"","theme-transparent-header-meta":"","adv-header-id-meta":"","stick-header-meta":"","header-above-stick-meta":"","header-main-stick-meta":"","header-below-stick-meta":"","astra-migrate-meta-layouts":"default","ast-page-background-enabled":"default","ast-page-background-meta":{"desktop":{"background-color":"var(--ast-global-color-4)","background-image":"","background-repeat":"repeat","background-position":"center center","background-size":"auto","background-attachment":"scroll","background-type":"","background-media":"","overlay-type":"","overlay-color":"","overlay-opacity":"","overlay-gradient":""},"tablet":{"background-color":"","background-image":"","background-repeat":"repeat","background-position":"center center","background-size":"auto","background-attachment":"scroll","background-type":"","background-media":"","overlay-type":"","overlay-color":"","overlay-opacity":"","overlay-gradient":""},"mobile":{"background-color":"","background-image":"","background-repeat":"repeat","background-position":"center center","background-size":"auto","background-attachment":"scroll","background-type":"","background-media":"","overlay-type":"","overlay-color":"","overlay-opacity":"","overlay-gradient":""}},"ast-content-background-meta":{"desktop":{"background-color":"var(--ast-global-color-5)","background-image":"","background-repeat":"repeat","background-position":"center center","background-size":"auto","background-attachment":"scroll","background-type":"","background-media":"","overlay-type":"","overlay-color":"","overlay-opacity":"","overlay-gradient":""},"tablet":{"background-color":"var(--ast-global-color-5)","background-image":"","background-repeat":"repeat","background-position":"center center","background-size":"auto","background-attachment":"scroll","background-type":"","background-media":"","overlay-type":"","overlay-color":"","overlay-opacity":"","overlay-gradient":""},"mobile":{"background-color":"var(--ast-global-color-5)","background-image":"","background-repeat":"repeat","background-position":"center center","background-size":"auto","background-attachment":"scroll","background-type":"","background-media":"","overlay-type":"","overlay-color":"","overlay-opacity":"","overlay-gradient":""}},"footnotes":""},"class_list":["post-89","page","type-page","status-publish","hentry"],"_links":{"self":[{"href":"https:\/\/produccionesnubedeoort.es\/index.php\/wp-json\/wp\/v2\/pages\/89","targetHints":{"allow":["GET"]}}],"collection":[{"href":"https:\/\/produccionesnubedeoort.es\/index.php\/wp-json\/wp\/v2\/pages"}],"about":[{"href":"https:\/\/produccionesnubedeoort.es\/index.php\/wp-json\/wp\/v2\/types\/page"}],"author":[{"embeddable":true,"href":"https:\/\/produccionesnubedeoort.es\/index.php\/wp-json\/wp\/v2\/users\/1"}],"replies":[{"embeddable":true,"href":"https:\/\/produccionesnubedeoort.es\/index.php\/wp-json\/wp\/v2\/comments?post=89"}],"version-history":[{"count":37,"href":"https:\/\/produccionesnubedeoort.es\/index.php\/wp-json\/wp\/v2\/pages\/89\/revisions"}],"predecessor-version":[{"id":893,"href":"https:\/\/produccionesnubedeoort.es\/index.php\/wp-json\/wp\/v2\/pages\/89\/revisions\/893"}],"wp:attachment":[{"href":"https:\/\/produccionesnubedeoort.es\/index.php\/wp-json\/wp\/v2\/media?parent=89"}],"curies":[{"name":"wp","href":"https:\/\/api.w.org\/{rel}","templated":true}]}}