{"id":843,"date":"2025-10-06T10:06:26","date_gmt":"2025-10-06T10:06:26","guid":{"rendered":"https:\/\/produccionesnubedeoort.es\/?page_id=843"},"modified":"2026-02-28T12:16:54","modified_gmt":"2026-02-28T12:16:54","slug":"alquiler-de-equipo","status":"publish","type":"page","link":"https:\/\/produccionesnubedeoort.es\/index.php\/alquiler-de-equipo\/","title":{"rendered":"Alquiler de equipo"},"content":{"rendered":"\n<h2 class=\"wp-block-heading\">Alquiler de sonido y producci\u00f3n audiovisual en Las Palmas de Gran Canaria<\/h2>\n\n\n\n<p>En <strong>Producciones Nube de Oort<\/strong> somos especialistas en <strong>producci\u00f3n de v\u00eddeo y alquiler de equipos de sonido en Las Palmas de Gran Canaria<\/strong>. Ofrecemos soluciones audiovisuales completas para que tu evento, boda, fiesta privada, concierto o presentaci\u00f3n corporativa cuente siempre con la mejor calidad en <strong>imagen y sonido<\/strong>.<\/p>\n\n\n\n<h2 class=\"wp-block-heading\">Sonido<\/h2>\n\n\n\n<h3 class=\"wp-block-heading\">Sonido e iluminaci\u00f3n profesional para cualquier ocasi\u00f3n<\/h3>\n\n\n\n<p>Ponemos a tu disposici\u00f3n un amplio cat\u00e1logo de <strong>micr\u00f3fonos, altavoces, columnas de sonido, proyectores, pantallas y sistemas de iluminaci\u00f3n profesional<\/strong>. Ya sea que necesites un par de <strong>luces de escenario<\/strong> o una <strong>instalaci\u00f3n completa de sonido en Gran Canaria<\/strong>, nuestro equipo se adapta a tus necesidades para garantizar un resultado impecable.<\/p>\n\n\n\n<h3 class=\"wp-block-heading\">Equipos audiovisuales de \u00faltima tecnolog\u00eda<\/h3>\n\n\n\n<p>En <strong>Producciones Nube de Oort<\/strong> trabajamos con tecnolog\u00eda de \u00faltima generaci\u00f3n en sonido: sistemas de audio de alta potencia, micr\u00f3fonos inal\u00e1mbricos, mesas de mezcla digitales, altavoces y columnas que ofrecen una calidad ac\u00fastica impecable para cualquier evento en <strong>Las Palmas de Gran Canaria y en toda Canarias<\/strong>.<\/p>\n\n\n\n<h3 class=\"wp-block-heading\">Alquiler flexible y a tu medida<\/h3>\n\n\n\n<p>Ofrecemos <strong>alquiler de equipos audiovisuales con o sin montaje t\u00e9cnico<\/strong>. Si lo prefieres, nos encargamos de toda la instalaci\u00f3n y configuraci\u00f3n, pero tambi\u00e9n puedes optar por recoger el material y usarlo de manera independiente. Nuestra prioridad es que tengas un servicio \u00e1gil, seguro y adaptado a lo que realmente necesitas.<\/p>\n\n\n\n<div class=\"wp-block-columns is-layout-flex wp-container-core-columns-is-layout-28f84493 wp-block-columns-is-layout-flex\">\n<div class=\"wp-block-column is-layout-flow wp-block-column-is-layout-flow\">\n<h3 class=\"wp-block-heading\">PACK 1 \u2013 1200W. DE SONIDO PARA CONFERENCIAS, RUEDAS DE PRENSA\u2026<\/h3>\n\n\n\n<h4 class=\"wp-block-heading\">Sonido<\/h4>\n\n\n\n<ul class=\"wp-block-list\">\n<li>2 altavoces auto amplificados de 600w. RMS 12\u2033 cada uno, con sus 2 soportes y cableado. (Incluye cable para conectar directamente al equipo).<\/li>\n\n\n\n<li>1 Mesa de Sonido peque\u00f1a <\/li>\n\n\n\n<li>2 Micr\u00f3fonos de mano din\u00e1micos con el cableado.<\/li>\n\n\n\n<li>2 pies de micro .<\/li>\n<\/ul>\n\n\n\n<h5 class=\"wp-block-heading\">Precio pack con traslado montaje y desmontaje: 200\u20ac.<\/h5>\n\n\n\n<p><strong>(Traslado fuera del termino municipal de Las Palmas Consultar) <\/strong><\/p>\n\n\n\n<div class=\"wp-block-buttons is-content-justification-center is-layout-flex wp-container-core-buttons-is-layout-a89b3969 wp-block-buttons-is-layout-flex\">\n<div class=\"wp-block-button\"><a class=\"wp-block-button__link wp-element-button\" href=\"https:\/\/wa.me\/34626402042\" target=\"_blank\" rel=\"noreferrer noopener nofollow\">Contacto<\/a><\/div>\n<\/div>\n<\/div>\n\n\n\n<div class=\"wp-block-column is-layout-flow wp-block-column-is-layout-flow\">\n<figure class=\"wp-block-image size-full\"><img loading=\"lazy\" decoding=\"async\" width=\"940\" height=\"788\" src=\"https:\/\/produccionesnubedeoort.es\/wp-content\/uploads\/2025\/10\/Diseno-sin-titulo-2025-10-07T140110.607.png\" alt=\"\" class=\"wp-image-850\" srcset=\"https:\/\/produccionesnubedeoort.es\/wp-content\/uploads\/2025\/10\/Diseno-sin-titulo-2025-10-07T140110.607.png 940w, https:\/\/produccionesnubedeoort.es\/wp-content\/uploads\/2025\/10\/Diseno-sin-titulo-2025-10-07T140110.607-300x251.png 300w, https:\/\/produccionesnubedeoort.es\/wp-content\/uploads\/2025\/10\/Diseno-sin-titulo-2025-10-07T140110.607-768x644.png 768w, https:\/\/produccionesnubedeoort.es\/wp-content\/uploads\/2025\/10\/Diseno-sin-titulo-2025-10-07T140110.607-600x503.png 600w\" sizes=\"auto, (max-width: 940px) 100vw, 940px\" \/><\/figure>\n<\/div>\n<\/div>\n\n\n\n<div class=\"wp-block-columns is-layout-flex wp-container-core-columns-is-layout-28f84493 wp-block-columns-is-layout-flex\">\n<div class=\"wp-block-column is-layout-flow wp-block-column-is-layout-flow\">\n<figure class=\"wp-block-image size-full\"><img loading=\"lazy\" decoding=\"async\" width=\"940\" height=\"788\" src=\"https:\/\/produccionesnubedeoort.es\/wp-content\/uploads\/2025\/10\/Diseno-sin-titulo-2025-10-07T141750.300.png\" alt=\"\" class=\"wp-image-853\" srcset=\"https:\/\/produccionesnubedeoort.es\/wp-content\/uploads\/2025\/10\/Diseno-sin-titulo-2025-10-07T141750.300.png 940w, https:\/\/produccionesnubedeoort.es\/wp-content\/uploads\/2025\/10\/Diseno-sin-titulo-2025-10-07T141750.300-300x251.png 300w, https:\/\/produccionesnubedeoort.es\/wp-content\/uploads\/2025\/10\/Diseno-sin-titulo-2025-10-07T141750.300-768x644.png 768w, https:\/\/produccionesnubedeoort.es\/wp-content\/uploads\/2025\/10\/Diseno-sin-titulo-2025-10-07T141750.300-600x503.png 600w\" sizes=\"auto, (max-width: 940px) 100vw, 940px\" \/><\/figure>\n<\/div>\n\n\n\n<div class=\"wp-block-column is-layout-flow wp-block-column-is-layout-flow\">\n<h3 class=\"wp-block-heading\">PACK 2 \u2013 1200W. DE SONIDO PARA FIESTAS, EVENTOS<\/h3>\n\n\n\n<h4 class=\"wp-block-heading\">Sonido<\/h4>\n\n\n\n<ul class=\"wp-block-list\">\n<li>2 altavoces auto amplificados de 600w. RMS 12\u2033 cada uno, con sus 2 soportes y cableado. (Incluye cable para conectar directamente al equipo).<\/li>\n\n\n\n<li>1 Mesa de Sonido peque\u00f1a <\/li>\n\n\n\n<li> 1 Lector de MP3<\/li>\n\n\n\n<li>1 Conexi\u00f3n para PC\u00a0<\/li>\n\n\n\n<li>1 Micr\u00f3fono de mano din\u00e1micos con el cableado.<\/li>\n\n\n\n<li>1 pie de micro .<\/li>\n<\/ul>\n\n\n\n<h5 class=\"wp-block-heading\">Precio pack con traslado montaje y desmontaje: 200\u20ac.<\/h5>\n\n\n\n<p><strong>(Traslado fuera del termino municipal de Las Palmas Consultar) <\/strong><\/p>\n\n\n\n<div class=\"wp-block-buttons is-content-justification-center is-layout-flex wp-container-core-buttons-is-layout-a89b3969 wp-block-buttons-is-layout-flex\">\n<div class=\"wp-block-button\"><a class=\"wp-block-button__link wp-element-button\" href=\"https:\/\/wa.me\/34626402042\" target=\"_blank\" rel=\"noreferrer noopener nofollow\">Contacto<\/a><\/div>\n<\/div>\n<\/div>\n<\/div>\n\n\n\n<div class=\"wp-block-columns is-layout-flex wp-container-core-columns-is-layout-28f84493 wp-block-columns-is-layout-flex\">\n<div class=\"wp-block-column is-layout-flow wp-block-column-is-layout-flow\">\n<h3 class=\"wp-block-heading\">PACK 3 \u2013 1200W. DE SONIDO Y LUCES  PARA FIESTAS PRIVADAS, EVENTOS, BODAS, COMUNIONES<\/h3>\n\n\n\n<h4 class=\"wp-block-heading\">Sonido<\/h4>\n\n\n\n<ul class=\"wp-block-list\">\n<li>2 altavoces auto amplificados de 600w. RMS 12\u2033 cada uno, con sus 2 soportes y cableado. (Incluye cable para conectar directamente al equipo).<\/li>\n\n\n\n<li>1 Mesa de Sonido peque\u00f1a <\/li>\n\n\n\n<li> 1 Lector de MP3<\/li>\n\n\n\n<li>Efecto iluminaci\u00f3n Eurolite SET LED KLS Laser bar<\/li>\n\n\n\n<li>1 Conexi\u00f3n para PC\u00a0<\/li>\n\n\n\n<li>2 L\u00e1ser<\/li>\n\n\n\n<li>1 Micr\u00f3fono de mano din\u00e1micos con el cableado.<\/li>\n\n\n\n<li>1 pie de micro<\/li>\n<\/ul>\n\n\n\n<h5 class=\"wp-block-heading\">Precio pack con traslado montaje y desmontaje: 400\u20ac.<\/h5>\n\n\n\n<p><strong>(Traslado fuera del termino municipal de Las Palmas Consultar) <\/strong><\/p>\n\n\n\n<div class=\"wp-block-buttons is-content-justification-center is-layout-flex wp-container-core-buttons-is-layout-a89b3969 wp-block-buttons-is-layout-flex\">\n<div class=\"wp-block-button\"><a class=\"wp-block-button__link wp-element-button\" href=\"https:\/\/wa.me\/34626402042\" target=\"_blank\" rel=\"noreferrer noopener nofollow\">Contacto<\/a><\/div>\n<\/div>\n<\/div>\n\n\n\n<div class=\"wp-block-column is-layout-flow wp-block-column-is-layout-flow\">\n<figure class=\"wp-block-image size-full\"><img loading=\"lazy\" decoding=\"async\" width=\"940\" height=\"788\" src=\"https:\/\/produccionesnubedeoort.es\/wp-content\/uploads\/2025\/10\/Diseno-sin-titulo-2025-10-07T142741.831.png\" alt=\"\" class=\"wp-image-858\" srcset=\"https:\/\/produccionesnubedeoort.es\/wp-content\/uploads\/2025\/10\/Diseno-sin-titulo-2025-10-07T142741.831.png 940w, https:\/\/produccionesnubedeoort.es\/wp-content\/uploads\/2025\/10\/Diseno-sin-titulo-2025-10-07T142741.831-300x251.png 300w, https:\/\/produccionesnubedeoort.es\/wp-content\/uploads\/2025\/10\/Diseno-sin-titulo-2025-10-07T142741.831-768x644.png 768w, https:\/\/produccionesnubedeoort.es\/wp-content\/uploads\/2025\/10\/Diseno-sin-titulo-2025-10-07T142741.831-600x503.png 600w\" sizes=\"auto, (max-width: 940px) 100vw, 940px\" \/><\/figure>\n<\/div>\n<\/div>\n\n\n\n<h2 class=\"wp-block-heading\"><strong>Iluminaci\u00f3n profesional para eventos en Las Palmas de Gran Canaria<\/strong><\/h2>\n\n\n\n<p><br>En <strong>Producciones Nube de Oort<\/strong> tambi\u00e9n destacamos por ofrecer <strong>iluminaci\u00f3n de \u00faltima generaci\u00f3n<\/strong> para todo tipo de eventos en <strong>Las Palmas y en Canarias<\/strong>. Contamos con <strong>focos LED, cabezas m\u00f3viles, luces de escenario, efectos especiales y sistemas programables<\/strong> que se adaptan tanto a conciertos y espect\u00e1culos como a bodas, fiestas privadas o presentaciones corporativas.<\/p>\n\n\n\n<p>Nuestra <strong>iluminaci\u00f3n profesional<\/strong> permite crear ambientes \u00fanicos, realzar escenarios y dar un toque especial a cada celebraci\u00f3n. Desde una iluminaci\u00f3n elegante para interiores hasta un despliegue de gran formato para eventos multitudinarios en <strong>Gran Canaria<\/strong>, ponemos a tu alcance la tecnolog\u00eda y la experiencia necesarias para conseguir el mejor resultado.<\/p>\n\n\n\n<div class=\"wp-block-columns is-layout-flex wp-container-core-columns-is-layout-28f84493 wp-block-columns-is-layout-flex\">\n<div class=\"wp-block-column is-layout-flow wp-block-column-is-layout-flow\">\n<figure class=\"wp-block-image size-full\"><img loading=\"lazy\" decoding=\"async\" width=\"940\" height=\"788\" src=\"https:\/\/produccionesnubedeoort.es\/wp-content\/uploads\/2025\/10\/Diseno-sin-titulo-2025-10-07T143123.898.png\" alt=\"\" class=\"wp-image-861\" srcset=\"https:\/\/produccionesnubedeoort.es\/wp-content\/uploads\/2025\/10\/Diseno-sin-titulo-2025-10-07T143123.898.png 940w, https:\/\/produccionesnubedeoort.es\/wp-content\/uploads\/2025\/10\/Diseno-sin-titulo-2025-10-07T143123.898-300x251.png 300w, https:\/\/produccionesnubedeoort.es\/wp-content\/uploads\/2025\/10\/Diseno-sin-titulo-2025-10-07T143123.898-768x644.png 768w, https:\/\/produccionesnubedeoort.es\/wp-content\/uploads\/2025\/10\/Diseno-sin-titulo-2025-10-07T143123.898-600x503.png 600w\" sizes=\"auto, (max-width: 940px) 100vw, 940px\" \/><\/figure>\n<\/div>\n\n\n\n<div class=\"wp-block-column is-layout-flow wp-block-column-is-layout-flow\">\n<h3 class=\"wp-block-heading\">PACK 4 \u2013 1200W. DE SONIDO PARA CONFERENCIAS, RUEDAS DE PRENSA Y GRABACI\u00d3N DE VIDEO<\/h3>\n\n\n\n<ul class=\"wp-block-list\">\n<li>2 altavoces auto amplificados de 600w. RMS 12\u2033 cada uno, con sus 2 soportes y cableado. (Incluye cable para conectar directamente al equipo).<\/li>\n\n\n\n<li>1 Mesa de Sonido peque\u00f1a <\/li>\n\n\n\n<li>2 Micr\u00f3fonos de mano din\u00e1micos con el cableado.<\/li>\n\n\n\n<li>2 pies de micr\u00f3fono.<\/li>\n\n\n\n<li>1 C\u00e1mara videogr\u00e1fica Canon con el cableado y bater\u00eda<\/li>\n<\/ul>\n\n\n\n<h5 class=\"wp-block-heading\">Precio pack con traslado montaje y desmontaje: 250\u20ac.<\/h5>\n\n\n\n<p><strong>(Traslado fuera del termino municipal de Las Palmas Consultar) <\/strong><\/p>\n\n\n\n<div class=\"wp-block-buttons is-content-justification-center is-layout-flex wp-container-core-buttons-is-layout-a89b3969 wp-block-buttons-is-layout-flex\">\n<div class=\"wp-block-button\"><a class=\"wp-block-button__link wp-element-button\" href=\"https:\/\/wa.me\/34626402042\" target=\"_blank\" rel=\"noreferrer noopener nofollow\">Contacto<\/a><\/div>\n<\/div>\n<\/div>\n<\/div>\n\n\n\n<div class=\"wp-block-columns is-layout-flex wp-container-core-columns-is-layout-28f84493 wp-block-columns-is-layout-flex\">\n<div class=\"wp-block-column is-layout-flow wp-block-column-is-layout-flow\">\n<h3 class=\"wp-block-heading\">PACK 5 \u2013 1200W. DE SONIDO, LUCES  Y C\u00c1MARA PARA FIESTAS PRIVADAS, EVENTOS, BODAS, COMUNIONES<\/h3>\n\n\n\n<ul class=\"wp-block-list\">\n<li>2 altavoces auto amplificados de 600w. RMS 12\u2033 cada uno, con sus 2 soportes y cableado. (Incluye cable para conectar directamente al equipo).<\/li>\n\n\n\n<li>1 Mesa de Sonido peque\u00f1a <\/li>\n\n\n\n<li> 1 Lector de MP3<\/li>\n\n\n\n<li>Efecto iluminaci\u00f3n Eurolite SET LED KLS Laser bar<\/li>\n\n\n\n<li>1 Conexi\u00f3n para PC&nbsp;<\/li>\n\n\n\n<li>2 L\u00e1ser<\/li>\n\n\n\n<li>4 Micr\u00f3fono de mano din\u00e1micos con el cableado.<\/li>\n\n\n\n<li>4 pie de micro<\/li>\n\n\n\n<li>1 C\u00e1mara videogr\u00e1fica Canon con el cableado y bater\u00eda<\/li>\n<\/ul>\n\n\n\n<h5 class=\"wp-block-heading\">Precio pack con traslado montaje y desmontaje: 500\u20ac.<\/h5>\n\n\n\n<p><strong>(Traslado fuera del termino municipal de Las Palmas Consultar) <\/strong><\/p>\n\n\n\n<div class=\"wp-block-buttons is-content-justification-center is-layout-flex wp-container-core-buttons-is-layout-a89b3969 wp-block-buttons-is-layout-flex\">\n<div class=\"wp-block-button\"><a class=\"wp-block-button__link wp-element-button\" href=\"https:\/\/wa.me\/34626402042\" target=\"_blank\" rel=\"noreferrer noopener nofollow\">Contacto<\/a><\/div>\n<\/div>\n<\/div>\n\n\n\n<div class=\"wp-block-column is-layout-flow wp-block-column-is-layout-flow\">\n<figure class=\"wp-block-image size-full\"><img loading=\"lazy\" decoding=\"async\" width=\"940\" height=\"788\" src=\"https:\/\/produccionesnubedeoort.es\/wp-content\/uploads\/2025\/10\/Diseno-sin-titulo-2025-10-07T144140.735.png\" alt=\"\" class=\"wp-image-865\" srcset=\"https:\/\/produccionesnubedeoort.es\/wp-content\/uploads\/2025\/10\/Diseno-sin-titulo-2025-10-07T144140.735.png 940w, https:\/\/produccionesnubedeoort.es\/wp-content\/uploads\/2025\/10\/Diseno-sin-titulo-2025-10-07T144140.735-300x251.png 300w, https:\/\/produccionesnubedeoort.es\/wp-content\/uploads\/2025\/10\/Diseno-sin-titulo-2025-10-07T144140.735-768x644.png 768w, https:\/\/produccionesnubedeoort.es\/wp-content\/uploads\/2025\/10\/Diseno-sin-titulo-2025-10-07T144140.735-600x503.png 600w\" sizes=\"auto, (max-width: 940px) 100vw, 940px\" \/><\/figure>\n<\/div>\n<\/div>\n","protected":false},"excerpt":{"rendered":"<p>Alquiler de sonido y producci\u00f3n audiovisual en Las Palmas de Gran Canaria En Producciones Nube de Oort somos especialistas en [&hellip;]<\/p>\n","protected":false},"author":1,"featured_media":0,"parent":0,"menu_order":0,"comment_status":"closed","ping_status":"closed","template":"","meta":{"site-sidebar-layout":"default","site-content-layout":"","ast-site-content-layout":"","site-content-style":"default","site-sidebar-style":"default","ast-global-header-display":"","ast-banner-title-visibility":"","ast-main-header-display":"","ast-hfb-above-header-display":"","ast-hfb-below-header-display":"","ast-hfb-mobile-header-display":"","site-post-title":"","ast-breadcrumbs-content":"","ast-featured-img":"","footer-sml-layout":"","theme-transparent-header-meta":"","adv-header-id-meta":"","stick-header-meta":"","header-above-stick-meta":"","header-main-stick-meta":"","header-below-stick-meta":"","astra-migrate-meta-layouts":"default","ast-page-background-enabled":"default","ast-page-background-meta":{"desktop":{"background-color":"var(--ast-global-color-4)","background-image":"","background-repeat":"repeat","background-position":"center center","background-size":"auto","background-attachment":"scroll","background-type":"","background-media":"","overlay-type":"","overlay-color":"","overlay-opacity":"","overlay-gradient":""},"tablet":{"background-color":"","background-image":"","background-repeat":"repeat","background-position":"center center","background-size":"auto","background-attachment":"scroll","background-type":"","background-media":"","overlay-type":"","overlay-color":"","overlay-opacity":"","overlay-gradient":""},"mobile":{"background-color":"","background-image":"","background-repeat":"repeat","background-position":"center center","background-size":"auto","background-attachment":"scroll","background-type":"","background-media":"","overlay-type":"","overlay-color":"","overlay-opacity":"","overlay-gradient":""}},"ast-content-background-meta":{"desktop":{"background-color":"var(--ast-global-color-5)","background-image":"","background-repeat":"repeat","background-position":"center center","background-size":"auto","background-attachment":"scroll","background-type":"","background-media":"","overlay-type":"","overlay-color":"","overlay-opacity":"","overlay-gradient":""},"tablet":{"background-color":"var(--ast-global-color-5)","background-image":"","background-repeat":"repeat","background-position":"center center","background-size":"auto","background-attachment":"scroll","background-type":"","background-media":"","overlay-type":"","overlay-color":"","overlay-opacity":"","overlay-gradient":""},"mobile":{"background-color":"var(--ast-global-color-5)","background-image":"","background-repeat":"repeat","background-position":"center center","background-size":"auto","background-attachment":"scroll","background-type":"","background-media":"","overlay-type":"","overlay-color":"","overlay-opacity":"","overlay-gradient":""}},"footnotes":""},"class_list":["post-843","page","type-page","status-publish","hentry"],"_links":{"self":[{"href":"https:\/\/produccionesnubedeoort.es\/index.php\/wp-json\/wp\/v2\/pages\/843","targetHints":{"allow":["GET"]}}],"collection":[{"href":"https:\/\/produccionesnubedeoort.es\/index.php\/wp-json\/wp\/v2\/pages"}],"about":[{"href":"https:\/\/produccionesnubedeoort.es\/index.php\/wp-json\/wp\/v2\/types\/page"}],"author":[{"embeddable":true,"href":"https:\/\/produccionesnubedeoort.es\/index.php\/wp-json\/wp\/v2\/users\/1"}],"replies":[{"embeddable":true,"href":"https:\/\/produccionesnubedeoort.es\/index.php\/wp-json\/wp\/v2\/comments?post=843"}],"version-history":[{"count":10,"href":"https:\/\/produccionesnubedeoort.es\/index.php\/wp-json\/wp\/v2\/pages\/843\/revisions"}],"predecessor-version":[{"id":867,"href":"https:\/\/produccionesnubedeoort.es\/index.php\/wp-json\/wp\/v2\/pages\/843\/revisions\/867"}],"wp:attachment":[{"href":"https:\/\/produccionesnubedeoort.es\/index.php\/wp-json\/wp\/v2\/media?parent=843"}],"curies":[{"name":"wp","href":"https:\/\/api.w.org\/{rel}","templated":true}]}}