{"id":126,"date":"2021-12-17T12:35:44","date_gmt":"2021-12-17T12:35:44","guid":{"rendered":"http:\/\/produccionesnubedeoort.es\/?page_id=126"},"modified":"2024-01-15T01:27:51","modified_gmt":"2024-01-15T01:27:51","slug":"spot-publicitario","status":"publish","type":"page","link":"https:\/\/produccionesnubedeoort.es\/index.php\/spot-publicitario\/","title":{"rendered":"Spots publicitarios"},"content":{"rendered":"\n<figure class=\"wp-block-video\"><video height=\"1080\" style=\"aspect-ratio: 1920 \/ 1080;\" width=\"1920\" autoplay controls src=\"http:\/\/produccionesnubedeoort.es\/wp-content\/uploads\/2021\/12\/spot-nube-de-oort-navidad-1.mp4\"><\/video><\/figure>\n\n\n\n<div style=\"height:100px\" aria-hidden=\"true\" class=\"wp-block-spacer\"><\/div>\n\n\n\n<p class=\"has-text-align-center has-large-font-size\"><strong><em>Captura, Vive, Sue\u00f1a<\/em><\/strong><\/p>\n\n\n\n<div style=\"height:100px\" aria-hidden=\"true\" class=\"wp-block-spacer\"><\/div>\n\n\n\n<p class=\"has-text-align-center\"><strong>Creamos tu video spot en alta definici\u00f3n, para que puedas anunciarte en TV, Redes sociales, Youtube o donde t\u00fa quieras.<\/strong><\/p>\n\n\n\n<div style=\"height:100px\" aria-hidden=\"true\" class=\"wp-block-spacer\"><\/div>\n\n\n\n<h2 class=\"wp-block-heading has-text-align-center has-large-font-size\"><strong>Grabaci\u00f3n Conferencia y Ponencias<\/strong><\/h2>\n\n\n\n<div style=\"height:50px\" aria-hidden=\"true\" class=\"wp-block-spacer\"><\/div>\n\n\n\n<div class=\"wp-block-columns is-layout-flex wp-container-core-columns-is-layout-28f84493 wp-block-columns-is-layout-flex\">\n<div class=\"wp-block-column is-layout-flow wp-block-column-is-layout-flow\">\n<p class=\"has-text-align-center\"><strong>1 c\u00e1mara<\/strong><\/p>\n\n\n\n<p class=\"has-text-align-center\"><strong>2 c\u00e1maras<\/strong><\/p>\n<\/div>\n\n\n\n<div class=\"wp-block-column is-layout-flow wp-block-column-is-layout-flow\">\n<p class=\"has-text-align-center\"><strong>35\u20ac\/hora<\/strong><\/p>\n\n\n\n<p class=\"has-text-align-center\"><strong>55\u20ac\/hora<\/strong><\/p>\n<\/div>\n<\/div>\n\n\n\n<div style=\"height:50px\" aria-hidden=\"true\" class=\"wp-block-spacer\"><\/div>\n\n\n\n<p>La grabaci\u00f3n de elementos en directo siempre tiene m\u00faltiples posibilidades, por ello es tan importante dedicarle el tiempo y calidad necesaria y as\u00ed asegurar que nuestro producto audiovisual final sea del mejor acabado y que la grabaci\u00f3n de conferencia quede perfecta. Ya sea para su uso privado posteriormente, para publicar en internet o para vender las ponencias como un producto aparte nosotros conseguiremos que tu v\u00eddeo conferencia sea lo que necesitas.<\/p>\n\n\n\n<div style=\"height:100px\" aria-hidden=\"true\" class=\"wp-block-spacer\"><\/div>\n\n\n\n<h2 class=\"wp-block-heading has-text-align-center has-large-font-size\"><strong>Grabaci\u00f3n de programas, directos y mesa redonda<\/strong><\/h2>\n\n\n\n<div style=\"height:50px\" aria-hidden=\"true\" class=\"wp-block-spacer\"><\/div>\n\n\n\n<div class=\"wp-block-columns is-layout-flex wp-container-core-columns-is-layout-28f84493 wp-block-columns-is-layout-flex\">\n<div class=\"wp-block-column is-layout-flow wp-block-column-is-layout-flow\">\n<p class=\"has-text-align-center\"><strong>2 c\u00e1maras<\/strong><\/p>\n\n\n\n<p class=\"has-text-align-center\"><strong>3 c\u00e1maras<\/strong><\/p>\n<\/div>\n\n\n\n<div class=\"wp-block-column is-layout-flow wp-block-column-is-layout-flow\">\n<p class=\"has-text-align-center\"><strong>60\u20ac\/hora<\/strong><\/p>\n\n\n\n<p class=\"has-text-align-center\"><strong>75\u20ac\/hora<\/strong><\/p>\n<\/div>\n<\/div>\n\n\n\n<div style=\"height:50px\" aria-hidden=\"true\" class=\"wp-block-spacer\"><\/div>\n\n\n\n<p>Gracias a la grabaci\u00f3n a multic\u00e1mara podremos grabar una conversaci\u00f3n desde distintos puntos de vista y as\u00ed poder aportar dinamismo e inter\u00e9s a nuestro contenido, adem\u00e1s de poder aportar la grabaci\u00f3n de recursos aparte, ya sean t\u00edtulos de presentaci\u00f3n de presentadores como cualquier tipo de animaci\u00f3n para dinamizar el contenido y presentar los temas. Ya sea para su uso privado posteriormente, para publicar en internet o para vender las ponencias como un producto aparte nosotros conseguiremos que tu v\u00eddeo sea lo que necesitas.<\/p>\n\n\n\n<div style=\"height:100px\" aria-hidden=\"true\" class=\"wp-block-spacer\"><\/div>\n\n\n\n<h2 class=\"wp-block-heading has-text-align-center has-large-font-size\"><strong>Grabaci\u00f3n v\u00eddeo instalaciones<\/strong><\/h2>\n\n\n\n<div style=\"height:50px\" aria-hidden=\"true\" class=\"wp-block-spacer\"><\/div>\n\n\n\n<div class=\"wp-block-columns is-layout-flex wp-container-core-columns-is-layout-28f84493 wp-block-columns-is-layout-flex\">\n<div class=\"wp-block-column is-layout-flow wp-block-column-is-layout-flow\">\n<p class=\"has-text-align-center\"><strong>1 c\u00e1mara<\/strong><\/p>\n<\/div>\n\n\n\n<div class=\"wp-block-column is-layout-flow wp-block-column-is-layout-flow\">\n<p class=\"has-text-align-center\"><strong>40\u20ac\/hora<\/strong><\/p>\n<\/div>\n<\/div>\n\n\n\n<div style=\"height:50px\" aria-hidden=\"true\" class=\"wp-block-spacer\"><\/div>\n\n\n\n<p>Si dispones de instalaciones en tu empresa, es muy buena idea realizar un v\u00eddeo de las mismas. Un ambiente profesional, con un dise\u00f1o cuidado es fundamental para poder transmitir a nuestros clientes profesionalidad. Ya sea una grabaci\u00f3n v\u00eddeo instalaciones en una tienda de cocina, en un gimnasio, o un v\u00eddeo instalaciones es esencial para demostrar a nuestros potenciales clientes que somos una empresa profesional y avanzada.<\/p>\n\n\n\n<div style=\"height:100px\" aria-hidden=\"true\" class=\"wp-block-spacer\"><\/div>\n\n\n\n<h2 class=\"wp-block-heading has-text-align-center has-large-font-size\"><strong>Grabaci\u00f3n de actos electorales y\/o pol\u00edticos<\/strong><\/h2>\n\n\n\n<div style=\"height:50px\" aria-hidden=\"true\" class=\"wp-block-spacer\"><\/div>\n\n\n\n<div class=\"wp-block-columns is-layout-flex wp-container-core-columns-is-layout-28f84493 wp-block-columns-is-layout-flex\">\n<div class=\"wp-block-column is-layout-flow wp-block-column-is-layout-flow\">\n<p class=\"has-text-align-center\"><strong>1 c\u00e1mara<\/strong><\/p>\n\n\n\n<p class=\"has-text-align-center\"><strong>2 c\u00e1maras<\/strong><\/p>\n<\/div>\n\n\n\n<div class=\"wp-block-column is-layout-flow wp-block-column-is-layout-flow\">\n<p class=\"has-text-align-center\"><strong>30\u20ac\/hora<\/strong><\/p>\n\n\n\n<p class=\"has-text-align-center\"><strong>45\u20ac\/hora<\/strong><\/p>\n<\/div>\n<\/div>\n\n\n\n<div style=\"height:50px\" aria-hidden=\"true\" class=\"wp-block-spacer\"><\/div>\n\n\n\n<p>Gracias a la grabaci\u00f3n a multic\u00e1mara podremos grabar los grandes actos de campa\u00f1a, presentaci\u00f3n, etc, desde distintos puntos de vista con una c\u00e1mara fija y otra enfocando personalmente y as\u00ed poder aportar dinamismo e inter\u00e9s a nuestro contenido, adem\u00e1s de poder aportar la grabaci\u00f3n de recursos aparte, ya sean t\u00edtulos de presentaci\u00f3n de presentadores como cualquier tipo de animaci\u00f3n para dinamizar el contenido y presentar los temas. Ya sea para su uso privado posteriormente, para publicar en internet o para vender las ponencias como un producto aparte nosotros conseguiremos que tu v\u00eddeo sea lo que necesitas.<\/p>\n\n\n\n<div style=\"height:100px\" aria-hidden=\"true\" class=\"wp-block-spacer\"><\/div>\n\n\n\n<p><em>Todos los precios anteriores son videos b\u00e1sicos sin actores contratados por la productora, para un nivel de detalle superior, actores, grabaciones en p\u00fablico. consultar.<\/em> precios para Gran Canaria, otras islas o resto del territorio espa\u00f1ol consultar.<\/p>\n","protected":false},"excerpt":{"rendered":"<p>Captura, Vive, Sue\u00f1a Creamos tu video spot en alta definici\u00f3n, para que puedas anunciarte en TV, Redes sociales, Youtube o [&hellip;]<\/p>\n","protected":false},"author":1,"featured_media":0,"parent":0,"menu_order":0,"comment_status":"closed","ping_status":"closed","template":"","meta":{"site-sidebar-layout":"default","site-content-layout":"","ast-site-content-layout":"","site-content-style":"default","site-sidebar-style":"default","ast-global-header-display":"","ast-banner-title-visibility":"","ast-main-header-display":"","ast-hfb-above-header-display":"","ast-hfb-below-header-display":"","ast-hfb-mobile-header-display":"","site-post-title":"","ast-breadcrumbs-content":"","ast-featured-img":"","footer-sml-layout":"","theme-transparent-header-meta":"","adv-header-id-meta":"","stick-header-meta":"","header-above-stick-meta":"","header-main-stick-meta":"","header-below-stick-meta":"","astra-migrate-meta-layouts":"default","ast-page-background-enabled":"default","ast-page-background-meta":{"desktop":{"background-color":"var(--ast-global-color-4)","background-image":"","background-repeat":"repeat","background-position":"center center","background-size":"auto","background-attachment":"scroll","background-type":"","background-media":"","overlay-type":"","overlay-color":"","overlay-opacity":"","overlay-gradient":""},"tablet":{"background-color":"","background-image":"","background-repeat":"repeat","background-position":"center center","background-size":"auto","background-attachment":"scroll","background-type":"","background-media":"","overlay-type":"","overlay-color":"","overlay-opacity":"","overlay-gradient":""},"mobile":{"background-color":"","background-image":"","background-repeat":"repeat","background-position":"center center","background-size":"auto","background-attachment":"scroll","background-type":"","background-media":"","overlay-type":"","overlay-color":"","overlay-opacity":"","overlay-gradient":""}},"ast-content-background-meta":{"desktop":{"background-color":"var(--ast-global-color-5)","background-image":"","background-repeat":"repeat","background-position":"center center","background-size":"auto","background-attachment":"scroll","background-type":"","background-media":"","overlay-type":"","overlay-color":"","overlay-opacity":"","overlay-gradient":""},"tablet":{"background-color":"var(--ast-global-color-5)","background-image":"","background-repeat":"repeat","background-position":"center center","background-size":"auto","background-attachment":"scroll","background-type":"","background-media":"","overlay-type":"","overlay-color":"","overlay-opacity":"","overlay-gradient":""},"mobile":{"background-color":"var(--ast-global-color-5)","background-image":"","background-repeat":"repeat","background-position":"center center","background-size":"auto","background-attachment":"scroll","background-type":"","background-media":"","overlay-type":"","overlay-color":"","overlay-opacity":"","overlay-gradient":""}},"footnotes":""},"class_list":["post-126","page","type-page","status-publish","hentry"],"_links":{"self":[{"href":"https:\/\/produccionesnubedeoort.es\/index.php\/wp-json\/wp\/v2\/pages\/126","targetHints":{"allow":["GET"]}}],"collection":[{"href":"https:\/\/produccionesnubedeoort.es\/index.php\/wp-json\/wp\/v2\/pages"}],"about":[{"href":"https:\/\/produccionesnubedeoort.es\/index.php\/wp-json\/wp\/v2\/types\/page"}],"author":[{"embeddable":true,"href":"https:\/\/produccionesnubedeoort.es\/index.php\/wp-json\/wp\/v2\/users\/1"}],"replies":[{"embeddable":true,"href":"https:\/\/produccionesnubedeoort.es\/index.php\/wp-json\/wp\/v2\/comments?post=126"}],"version-history":[{"count":13,"href":"https:\/\/produccionesnubedeoort.es\/index.php\/wp-json\/wp\/v2\/pages\/126\/revisions"}],"predecessor-version":[{"id":525,"href":"https:\/\/produccionesnubedeoort.es\/index.php\/wp-json\/wp\/v2\/pages\/126\/revisions\/525"}],"wp:attachment":[{"href":"https:\/\/produccionesnubedeoort.es\/index.php\/wp-json\/wp\/v2\/media?parent=126"}],"curies":[{"name":"wp","href":"https:\/\/api.w.org\/{rel}","templated":true}]}}